{"id":41,"date":"2016-06-30T12:59:53","date_gmt":"2016-06-30T12:59:53","guid":{"rendered":"https:\/\/www.farmaindustria.es\/adherencia\/?page_id=41"},"modified":"2016-11-22T11:19:13","modified_gmt":"2016-11-22T11:19:13","slug":"que-es","status":"publish","type":"page","link":"https:\/\/www.farmaindustria.es\/adherencia\/que-es\/","title":{"rendered":"Qu\u00e9 es"},"content":{"rendered":"<h2>La adherencia, una cuesti\u00f3n de salud<\/h2>\n<p>La falta de adherencia a los tratamientos supone un importante problema de salud p\u00fablica en todos los pa\u00edses desarrollados. Una encuesta de \u00e1mbito nacional encargada por Farmaindustria concluye que en Espa\u00f1a s\u00f3lo el 50% de los pacientes cr\u00f3nicos cumplen con los tratamientos prescritos por los profesionales sanitarios. Son cifras similares a las de otros estudios sobre el asunto y que dan la medida del reto. La falta de adherencia se ha asociado a una disminuci\u00f3n de la calidad y de la esperanza de vida, origina un peor control de la enfermedad e incrementa sus complicaciones, y repercute en un aumento de las consultas, hospitalizaciones y pruebas complementarias, con el consiguiente incremento del gasto sanitario.<\/p>\n<p>Es un problema complejo, en tanto son variadas las causas que lo provocan, y que van desde la duraci\u00f3n de los tratamientos al mayor o menor conocimiento de la enfermedad por parte del paciente, la relaci\u00f3n de \u00e9ste con los profesionales sanitarios o factores psicol\u00f3gicos, entre otros. Y es desde hace largo tiempo una preocupaci\u00f3n manifestada de forma constante por las sociedades cient\u00edficas. Para abordarlo de manera global y coordinada, Farmaindustria ha impulsado la elaboraci\u00f3n de un Plan de Adherencia al Tratamiento (Uso responsable del medicamento), y lo ha hecho en colaboraci\u00f3n con un amplio n\u00famero de sociedades cient\u00edficas m\u00e9dicas, farmac\u00e9uticas y de enfermer\u00eda, asociaciones de pacientes y expertos independientes. Se ha desarrollado mediante un proceso abierto y participativo, en el que el paciente ha sido el centro de todas las iniciativas propuestas, m\u00e1s all\u00e1 de cuestiones profesionales, organizativas, asistenciales o de intereses econ\u00f3micos (aparte de los potenciales beneficios al sistema sanitario que persigue).<\/p>\n<p>Se trata de un proyecto sin precedentes en tanto integral e integrador, transversal, ambicioso y con vocaci\u00f3n de aplicabilidad y continuidad. En definitiva, una propuesta que la sociedad civil eleva a las administraciones sanitarias orientada a mejorar la calidad de la prestaci\u00f3n sanitaria y, sobre todo, a mejorar la salud de los pacientes.<\/p>\n<p>El Plan se centra en el \u00e1mbito del medicamento y de su uso responsable, aunque el t\u00e9rmino tratamiento incluye tanto los farmacol\u00f3gicos como los h\u00e1bitos, cuidados personales y estilos de vida indicados o recomendados al paciente. A pesar de que el foco se ponga sobre los medicamentos, tambi\u00e9n se han incluido aspectos de indudable trascendencia como la formaci\u00f3n de los pacientes o el fomento del autocuidado.<\/p>\n<p>Se estructura en seis pilares, que se despliegan en 18 iniciativas que, a su vez, se dividen en 26 acciones. Su desarrollo dar\u00e1 lugar a una serie de propuestas y actividades que pretenden involucrar en su ejecuci\u00f3n a los diferentes agentes (profesionales sanitarios, pacientes e industria).<\/p>\n<p>Junto a la encuesta que ha servido para identificar la realidad de la adherencia en Espa\u00f1a, el Plan cuenta tambi\u00e9n con un profuso an\u00e1lisis de la evidencia cient\u00edfica sobre el incumplimiento farmacoterap\u00e9utico y con un modelo econ\u00f3mico que se ha aplicado a varias patolog\u00edas de alta prevalencia. Por ejemplo, demuestra que aumentar en diez puntos porcentuales la adherencia en el caso de patolog\u00edas cardiovasculares evitar\u00eda m\u00e1s de 8.700 muertes al a\u00f1o y ahorrar\u00eda un gasto sanitario directo de m\u00e1s de 75 millones anuales.<\/p>\n<p>No hay duda de que la falta de adherencia es una cuesti\u00f3n de salud, y este Plan pretende ser una propuesta completa y realista para abordarla.<\/p>\n","protected":false},"excerpt":{"rendered":"<p>La adherencia, una cuesti\u00f3n de salud La falta de adherencia a los tratamientos supone un importante problema de salud p\u00fablica en todos los pa\u00edses desarrollados. Una encuesta de \u00e1mbito nacional encargada por Farmaindustria concluye que en Espa\u00f1a s\u00f3lo el 50% de los pacientes cr\u00f3nicos cumplen con los tratamientos prescritos por los profesionales sanitarios. Son cifras  <a href=\"https:\/\/www.farmaindustria.es\/adherencia\/que-es\/\" class=\"read-more\">&hellip;<\/a><\/p>\n","protected":false},"author":1,"featured_media":0,"parent":0,"menu_order":20,"comment_status":"closed","ping_status":"closed","template":"","meta":{"_acf_changed":false,"footnotes":""},"class_list":["post-41","page","type-page","status-publish","hentry"],"acf":[],"_links":{"self":[{"href":"https:\/\/www.farmaindustria.es\/adherencia\/wp-json\/wp\/v2\/pages\/41","targetHints":{"allow":["GET"]}}],"collection":[{"href":"https:\/\/www.farmaindustria.es\/adherencia\/wp-json\/wp\/v2\/pages"}],"about":[{"href":"https:\/\/www.farmaindustria.es\/adherencia\/wp-json\/wp\/v2\/types\/page"}],"author":[{"embeddable":true,"href":"https:\/\/www.farmaindustria.es\/adherencia\/wp-json\/wp\/v2\/users\/1"}],"replies":[{"embeddable":true,"href":"https:\/\/www.farmaindustria.es\/adherencia\/wp-json\/wp\/v2\/comments?post=41"}],"version-history":[{"count":3,"href":"https:\/\/www.farmaindustria.es\/adherencia\/wp-json\/wp\/v2\/pages\/41\/revisions"}],"predecessor-version":[{"id":92,"href":"https:\/\/www.farmaindustria.es\/adherencia\/wp-json\/wp\/v2\/pages\/41\/revisions\/92"}],"wp:attachment":[{"href":"https:\/\/www.farmaindustria.es\/adherencia\/wp-json\/wp\/v2\/media?parent=41"}],"curies":[{"name":"wp","href":"https:\/\/api.w.org\/{rel}","templated":true}]}}