{"id":41,"date":"2016-06-30T12:59:53","date_gmt":"2016-06-30T12:59:53","guid":{"rendered":"https:\/\/www.farmaindustria.es\/transparencia\/?page_id=41"},"modified":"2020-06-26T07:54:15","modified_gmt":"2020-06-26T07:54:15","slug":"la-iniciativa","status":"publish","type":"page","link":"https:\/\/www.farmaindustria.es\/transparencia\/la-iniciativa\/","title":{"rendered":"La iniciativa"},"content":{"rendered":"<h2 class=\"transp\">El compromiso de la industria farmac\u00e9utica con la transparencia<\/h2>\n<p>La raz\u00f3n de ser de la industria farmac\u00e9utica es la investigaci\u00f3n y desarrollo de nuevos medicamentos, claves en la lucha contra la enfermedad y en la mejora de la esperanza y la calidad de vida, y tal objetivo est\u00e1 indisolublemente ligado al compromiso de contribuir a que todas las personas que los necesiten puedan acceder a ellos. No tendr\u00eda sentido lograr los mejores medicamentos si los pacientes no pueden beneficiarse de ellos.<\/p>\n<p>Esta actividad empresarial confiere a esta industria un gran compromiso y una gran responsabilidad en dos esferas clave: la innovaci\u00f3n, tratando de descubrir y poner nuevos medicamentos a disposici\u00f3n de todos, y la salud, intentando que estos medicamentos cada vez sean m\u00e1s eficaces y se usen mejor para aliviar las dolencias y curar la enfermedad.<\/p>\n<p>Las personas y su salud son el objetivo de todo, y la colaboraci\u00f3n es la que permite alcanzarlos: el sistema sanitario, con sus centros e infraestructuras; los profesionales sanitarios, con su conocimiento y experiencia cl\u00ednica; la industria farmac\u00e9utica, con su competencia y capacidad financiera, y los propios pacientes, con su experiencia en el manejo de la enfermedad, cooperan en un modelo de \u00e9xito probado, que en las \u00faltimas d\u00e9cadas ha revolucionado el cuidado de la salud. No hay que olvidar que el 95% de los medicamentos disponibles han sido desarrollados bajo este modelo y que diversos estudios atribuyen a los nuevos f\u00e1rmacos hasta el 70% del incremento de la esperanza de vida durante los \u00faltimos a\u00f1os.<\/p>\n<p>La colaboraci\u00f3n se articula en torno a tres grandes \u00e1reas: dinamizaci\u00f3n de la investigaci\u00f3n biom\u00e9dica p\u00fablica y la formaci\u00f3n m\u00e9dica continuada de los profesionales sanitarios (fundamentales para mantener a nuestro pa\u00eds a la vanguardia del conocimiento cient\u00edfico y cl\u00ednico y afianzar la calidad de la prestaci\u00f3n sanitaria), sostenibilidad (Gobierno e industria farmac\u00e9utica comparten el objetivo com\u00fan de facilitar el acceso al medicamento sin poner en riesgo la estabilidad del sistema) y uso adecuado de los f\u00e1rmacos (s\u00f3lo cuando el medicamento se utiliza bien ofrece toda su efectividad al paciente y es m\u00e1s eficiente para el sistema sanitario).<\/p>\n<p>La colaboraci\u00f3n entre industria y profesionales sanitarios es particularmente importante, porque la investigaci\u00f3n y el desarrollo de nuevos medicamentos y su uso adecuado no ser\u00edan posibles en los t\u00e9rminos actuales sin la estrecha y constante colaboraci\u00f3n entre la industria y el sistema sanitario, tanto con las organizaciones sanitarias como con sus profesionales.<\/p>\n<p>Por eso se dio el paso adelante de transparentar estas relaciones; porque estas colaboraciones implican habitualmente transferencias econ\u00f3micas: donaciones a organizaciones sanitarias para apoyar los servicios que prestan, aportaciones de la industria a los profesionales para facilitar su formaci\u00f3n continuada y para costear la prestaci\u00f3n de servicios basados en sus conocimientos y experiencia cl\u00ednica o contraprestaciones por la participaci\u00f3n y contribuci\u00f3n de centros y profesionales en proyectos de I+D.<\/p>\n<p>Estas colaboraciones benefician a todos, y en particular a los pacientes: actualizan y mejoran los conocimientos de los profesionales sanitarios sobre los medicamentos al tiempo que permiten a la industria hacer el mejor uso de su experiencia cl\u00ednica y cient\u00edfica, clave para el desarrollo de la investigaci\u00f3n biom\u00e9dica. La transparencia permite prevenir los posibles conflictos de inter\u00e9s.<\/p>\n<p>Por ello, y desde 2016, las compa\u00f1\u00edas adheridas al C\u00f3digo de Buenas Pr\u00e1cticas publican cada mes de junio en sus webs las transferencias econ\u00f3micas realizadas el a\u00f1o anterior a organizaciones y profesionales sanitarios derivadas de las actividades citadas: donaciones a organizaciones sanitarias, aportaciones a actividades formativas y reuniones cient\u00edfico-profesionales y contraprestaciones por servicios profesionales e I+D. El proceso tuvo en junio de 2018 una novedad: todas las colaboraciones (excepto las relacionadas con I+D) ser\u00e1n publicadas de forma individualizada. Hasta ese momento, cab\u00eda publicar estos datos de forma individualizada o agregada. La decisi\u00f3n de hacerlo s\u00f3lo de forma individualizada -avalada por la Agencia Espa\u00f1ola de Protecci\u00f3n de Datos- responde a\u00fan mejor al esp\u00edritu de la iniciativa de transparencia y convirti\u00f3 a Espa\u00f1a en el primer pa\u00eds de Europa en dar este paso dentro de un modelo de autorregulaci\u00f3n.<\/p>\n<p>La industria farmac\u00e9utica avanza as\u00ed en su compromiso con la transparencia, iniciado hace a\u00f1os con la publicaci\u00f3n de las sanciones y acuerdos de mediaci\u00f3n en cumplimiento del C\u00f3digo de Buenas Pr\u00e1cticas de la Industria Farmac\u00e9utica o de las colaboraciones con organizaciones de pacientes. Es un compromiso voluntario de las compa\u00f1\u00edas farmac\u00e9uticas en toda Europa, que responde a las crecientes demandas sociales en transparencia y que convierte al farmac\u00e9utico en un referente para otros sectores, porque, a pesar de ser una de las industrias m\u00e1s reguladas e intervenidas, ha adoptado una iniciativa valiente, pionera y sin precedentes. En el caso de Espa\u00f1a, instituciones p\u00fablicas, como el Consejo de Transparencia y Buen Gobierno y la Comisi\u00f3n Nacional de los Mercados y la Competencia, y privadas, como Transparencia Internacional Espa\u00f1a y el Consejo de la Abogac\u00eda Espa\u00f1ola, as\u00ed lo han reconocido con su aval y aliento.<\/p>\n<p>En definitiva, la iniciativa de transparencia, que es un proceso vivo que seguir\u00e1 evolucionando, contribuye a hacer visible en la sociedad el enorme valor de las relaciones entre la industria farmac\u00e9utica y las organizaciones y profesionales sanitarios, unas relaciones indispensables y cuya aportaci\u00f3n es incuestionable: gracias a ellas el medicamento es posible y su introducci\u00f3n en los sistemas sanitarios es adecuada y eficiente.<\/p>\n","protected":false},"excerpt":{"rendered":"<p>El compromiso de la industria farmac\u00e9utica con la transparencia La raz\u00f3n de ser de la industria farmac\u00e9utica es la investigaci\u00f3n y desarrollo de nuevos medicamentos, claves en la lucha contra la enfermedad y en la mejora de la esperanza y la calidad de vida, y tal objetivo est\u00e1 indisolublemente ligado al compromiso de contribuir a  <a href=\"https:\/\/www.farmaindustria.es\/transparencia\/la-iniciativa\/\" class=\"read-more\">&hellip;<\/a><\/p>\n","protected":false},"author":1,"featured_media":0,"parent":0,"menu_order":20,"comment_status":"closed","ping_status":"closed","template":"page-nosidebar.php","meta":{"_acf_changed":false,"footnotes":""},"class_list":["post-41","page","type-page","status-publish","hentry"],"acf":[],"_links":{"self":[{"href":"https:\/\/www.farmaindustria.es\/transparencia\/wp-json\/wp\/v2\/pages\/41","targetHints":{"allow":["GET"]}}],"collection":[{"href":"https:\/\/www.farmaindustria.es\/transparencia\/wp-json\/wp\/v2\/pages"}],"about":[{"href":"https:\/\/www.farmaindustria.es\/transparencia\/wp-json\/wp\/v2\/types\/page"}],"author":[{"embeddable":true,"href":"https:\/\/www.farmaindustria.es\/transparencia\/wp-json\/wp\/v2\/users\/1"}],"replies":[{"embeddable":true,"href":"https:\/\/www.farmaindustria.es\/transparencia\/wp-json\/wp\/v2\/comments?post=41"}],"version-history":[{"count":3,"href":"https:\/\/www.farmaindustria.es\/transparencia\/wp-json\/wp\/v2\/pages\/41\/revisions"}],"predecessor-version":[{"id":84,"href":"https:\/\/www.farmaindustria.es\/transparencia\/wp-json\/wp\/v2\/pages\/41\/revisions\/84"}],"wp:attachment":[{"href":"https:\/\/www.farmaindustria.es\/transparencia\/wp-json\/wp\/v2\/media?parent=41"}],"curies":[{"name":"wp","href":"https:\/\/api.w.org\/{rel}","templated":true}]}}