{"id":125,"date":"2013-12-02T16:58:42","date_gmt":"2013-12-02T15:58:42","guid":{"rendered":"https:\/\/www.farmaindustria.es\/web\/?page_id=125"},"modified":"2024-12-10T12:42:07","modified_gmt":"2024-12-10T11:42:07","slug":"quienes-somos","status":"publish","type":"page","link":"https:\/\/www.farmaindustria.es\/web\/quienes-somos\/","title":{"rendered":"Qui\u00e9nes somos"},"content":{"rendered":"<p>Creada en 1963, Farmaindustria es la Asociaci\u00f3n Nacional Empresarial de la Industria Farmac\u00e9utica establecida en Espa\u00f1a. Agrupa a la mayor\u00eda de los laboratorios farmac\u00e9uticos innovadores establecidos en nuestro pa\u00eds,\u00a0lo que supone la pr\u00e1ctica totalidad de las ventas de medicamentos de prescripci\u00f3n bajo patente en Espa\u00f1a.<\/p>\n<p>Representa, pues,\u00a0a un sector estrat\u00e9gico para la sociedad, tanto por la naturaleza de su actividad, basada en su compromiso con la salud, como por su aportaci\u00f3n empresarial y econ\u00f3mica, de alt\u00edsimo valor a\u00f1adido: la industria farmac\u00e9utica. Las compa\u00f1\u00edas farmac\u00e9uticas proporcionan a la sociedad uno de los bienes m\u00e1s preciados y que m\u00e1s contribuye al bienestar y a la salud de la poblaci\u00f3n: el medicamento.\u00a0 Son las que investigan, desarrollan, producen y comercializan los f\u00e1rmacos que alivian dolencias y curan enfermedades.<\/p>\n<p>La contribuci\u00f3n econ\u00f3mica del sector tambi\u00e9n es muy relevante: goza de las mayores tasas de productividad de toda la industria espa\u00f1ola; constituye una fuente de empleo cualificado, estable y diverso (m\u00e1s del 53% de los empleados son mujeres); es muy competitivo internacionalmente, con m\u00e1s de 17.000 millones al a\u00f1o de exportaci\u00f3n; e intensivo en I+D (cerca de 1.400 millones de euros de inversi\u00f3n al a\u00f1o; cerca del 20% de todo el sector industrial). Adem\u00e1s, la industria est\u00e1 comprometida con la dinamizaci\u00f3n de la investigaci\u00f3n biom\u00e9dica p\u00fablica espa\u00f1ola y con el Sistema Sanitario en la formaci\u00f3n continuada y en la actualizaci\u00f3n de los conocimientos de sus profesionales.<\/p>\n<p>Farmaindustria representa a los laboratorios asociados ante la sociedad y ante sus Administraciones P\u00fablicas, colabora con las mismas, favorece la apuesta del sector por la I+D, traslada la realidad de la industria farmac\u00e9utica a la opini\u00f3n p\u00fablica y ofrece a las compa\u00f1\u00edas servicios de valor a\u00f1adido.<\/p>\n<h1 style=\"text-align: center;\"><strong>\u00bfQuieres asociarte? \u00a1Con\u00f3cenos! <\/strong><\/h1>\n<h1 style=\"text-align: center;\"><strong><a href=\"https:\/\/www.farmaindustria.es\/web\/wp-content\/uploads\/sites\/2\/2024\/11\/Folleto_Farmaindustria_Asociados-nov2024.pdf\">Accede a toda la informaci\u00f3n<\/a><\/strong><\/h1>\n<div class=\"blue-zone\">\t\r\n\t<div class=\"entry-content\">\r\n\t\t<ul>\n<li>130 laboratorios farmac\u00e9uticos innovadores est\u00e1n asociados a Farmaindustria.<\/li>\n<li>99% del mercado de medicamentos originales corresponde a las empresas pertenecientes a Farmaindustria.<\/li>\n<li>56.000 empleos directos genera la industria farmac\u00e9utica innovadora en Espa\u00f1a, de los que casi 10.000 se dedican a tareas relacionadas con la I+D.<\/li>\n<li>Cerca del 20% de la inversi\u00f3n en I+D de la industria espa\u00f1ola corresponde al sector farmac\u00e9utico.<\/li>\n<\/ul>\n\t<\/div>\r\n<\/div>\n","protected":false},"excerpt":{"rendered":"<p>Creada en 1963, Farmaindustria es la Asociaci\u00f3n Nacional Empresarial de la Industria Farmac\u00e9utica establecida en Espa\u00f1a. Agrupa a la mayor\u00eda de los laboratorios farmac\u00e9uticos innovadores establecidos en nuestro pa\u00eds,\u00a0lo que supone la pr\u00e1ctica totalidad de las ventas de medicamentos de prescripci\u00f3n bajo patente en Espa\u00f1a. Representa, pues,\u00a0a un sector estrat\u00e9gico para la sociedad, tanto por  <a href=\"https:\/\/www.farmaindustria.es\/web\/quienes-somos\/quienes-somos-blue\/\" class=\"read-more\">&hellip;<\/a><\/p>\n","protected":false},"author":12,"featured_media":16216,"parent":0,"menu_order":20,"comment_status":"open","ping_status":"closed","template":"page-quienes-somos.php","meta":{"_acf_changed":false,"footnotes":""},"class_list":["post-125","page","type-page","status-publish","has-post-thumbnail","hentry"],"acf":[],"yoast_head":"<!-- This site is optimized with the Yoast SEO plugin v27.4 - https:\/\/yoast.com\/product\/yoast-seo-wordpress\/ -->\n<title>Qui\u00e9nes somos Farmaindustria<\/title>\n<meta name=\"description\" content=\"Creada en 1963, Farmaindustria es la Asociaci\u00f3n Nacional Empresarial de la Industria Farmac\u00e9utica establecida en Espa\u00f1a.\" \/>\n<meta name=\"robots\" content=\"index, follow, max-snippet:-1, max-image-preview:large, max-video-preview:-1\" \/>\n<link rel=\"canonical\" href=\"https:\/\/www.farmaindustria.es\/web\/quienes-somos\/\" \/>\n<meta property=\"og:locale\" content=\"es_ES\" \/>\n<meta property=\"og:type\" content=\"article\" \/>\n<meta property=\"og:title\" content=\"Qui\u00e9nes somos Farmaindustria\" \/>\n<meta property=\"og:description\" content=\"Creada en 1963, Farmaindustria es la Asociaci\u00f3n Nacional Empresarial de la Industria Farmac\u00e9utica establecida en Espa\u00f1a.\" \/>\n<meta property=\"og:url\" content=\"https:\/\/www.farmaindustria.es\/web\/quienes-somos\/\" \/>\n<meta property=\"og:site_name\" content=\"FarmaIndustria\" \/>\n<meta property=\"article:publisher\" content=\"https:\/\/www.facebook.com\/pages\/Farmaindustria\/730634013647836?ref=hl\" \/>\n<meta property=\"article:modified_time\" content=\"2024-12-10T11:42:07+00:00\" \/>\n<meta property=\"og:image\" content=\"https:\/\/www.farmaindustria.es\/web\/wp-content\/uploads\/sites\/2\/2022\/06\/quienes-somos-2022-650x433-1.jpg\" \/>\n\t<meta property=\"og:image:width\" content=\"650\" \/>\n\t<meta property=\"og:image:height\" content=\"434\" \/>\n\t<meta property=\"og:image:type\" content=\"image\/jpeg\" \/>\n<meta name=\"twitter:card\" content=\"summary_large_image\" \/>\n<meta name=\"twitter:site\" content=\"@FarmaIndustria\" \/>\n<meta name=\"twitter:label1\" content=\"Tiempo de lectura\" \/>\n\t<meta name=\"twitter:data1\" content=\"2 minutos\" \/>\n<script type=\"application\/ld+json\" class=\"yoast-schema-graph\">{\"@context\":\"https:\\\/\\\/schema.org\",\"@graph\":[{\"@type\":\"WebPage\",\"@id\":\"https:\\\/\\\/www.farmaindustria.es\\\/web\\\/quienes-somos\\\/\",\"url\":\"https:\\\/\\\/www.farmaindustria.es\\\/web\\\/quienes-somos\\\/\",\"name\":\"Qui\u00e9nes somos Farmaindustria\",\"isPartOf\":{\"@id\":\"https:\\\/\\\/www.farmaindustria.es\\\/web\\\/#website\"},\"primaryImageOfPage\":{\"@id\":\"https:\\\/\\\/www.farmaindustria.es\\\/web\\\/quienes-somos\\\/#primaryimage\"},\"image\":{\"@id\":\"https:\\\/\\\/www.farmaindustria.es\\\/web\\\/quienes-somos\\\/#primaryimage\"},\"thumbnailUrl\":\"https:\\\/\\\/www.farmaindustria.es\\\/web\\\/wp-content\\\/uploads\\\/sites\\\/2\\\/2022\\\/06\\\/quienes-somos-2022-650x433-1.jpg\",\"datePublished\":\"2013-12-02T15:58:42+00:00\",\"dateModified\":\"2024-12-10T11:42:07+00:00\",\"description\":\"Creada en 1963, Farmaindustria es la Asociaci\u00f3n Nacional Empresarial de la Industria Farmac\u00e9utica establecida en Espa\u00f1a.\",\"breadcrumb\":{\"@id\":\"https:\\\/\\\/www.farmaindustria.es\\\/web\\\/quienes-somos\\\/#breadcrumb\"},\"inLanguage\":\"es\",\"potentialAction\":[{\"@type\":\"ReadAction\",\"target\":[\"https:\\\/\\\/www.farmaindustria.es\\\/web\\\/quienes-somos\\\/\"]}]},{\"@type\":\"ImageObject\",\"inLanguage\":\"es\",\"@id\":\"https:\\\/\\\/www.farmaindustria.es\\\/web\\\/quienes-somos\\\/#primaryimage\",\"url\":\"https:\\\/\\\/www.farmaindustria.es\\\/web\\\/wp-content\\\/uploads\\\/sites\\\/2\\\/2022\\\/06\\\/quienes-somos-2022-650x433-1.jpg\",\"contentUrl\":\"https:\\\/\\\/www.farmaindustria.es\\\/web\\\/wp-content\\\/uploads\\\/sites\\\/2\\\/2022\\\/06\\\/quienes-somos-2022-650x433-1.jpg\",\"width\":650,\"height\":434},{\"@type\":\"BreadcrumbList\",\"@id\":\"https:\\\/\\\/www.farmaindustria.es\\\/web\\\/quienes-somos\\\/#breadcrumb\",\"itemListElement\":[{\"@type\":\"ListItem\",\"position\":1,\"name\":\"Portada\",\"item\":\"https:\\\/\\\/www.farmaindustria.es\\\/web\\\/\"},{\"@type\":\"ListItem\",\"position\":2,\"name\":\"Qui\u00e9nes somos\"}]},{\"@type\":\"WebSite\",\"@id\":\"https:\\\/\\\/www.farmaindustria.es\\\/web\\\/#website\",\"url\":\"https:\\\/\\\/www.farmaindustria.es\\\/web\\\/\",\"name\":\"FarmaIndustria\",\"description\":\"\",\"potentialAction\":[{\"@type\":\"SearchAction\",\"target\":{\"@type\":\"EntryPoint\",\"urlTemplate\":\"https:\\\/\\\/www.farmaindustria.es\\\/web\\\/?s={search_term_string}\"},\"query-input\":{\"@type\":\"PropertyValueSpecification\",\"valueRequired\":true,\"valueName\":\"search_term_string\"}}],\"inLanguage\":\"es\"}]}<\/script>\n<!-- \/ Yoast SEO plugin. -->","yoast_head_json":{"title":"Qui\u00e9nes somos Farmaindustria","description":"Creada en 1963, Farmaindustria es la Asociaci\u00f3n Nacional Empresarial de la Industria Farmac\u00e9utica establecida en Espa\u00f1a.","robots":{"index":"index","follow":"follow","max-snippet":"max-snippet:-1","max-image-preview":"max-image-preview:large","max-video-preview":"max-video-preview:-1"},"canonical":"https:\/\/www.farmaindustria.es\/web\/quienes-somos\/","og_locale":"es_ES","og_type":"article","og_title":"Qui\u00e9nes somos Farmaindustria","og_description":"Creada en 1963, Farmaindustria es la Asociaci\u00f3n Nacional Empresarial de la Industria Farmac\u00e9utica establecida en Espa\u00f1a.","og_url":"https:\/\/www.farmaindustria.es\/web\/quienes-somos\/","og_site_name":"FarmaIndustria","article_publisher":"https:\/\/www.facebook.com\/pages\/Farmaindustria\/730634013647836?ref=hl","article_modified_time":"2024-12-10T11:42:07+00:00","og_image":[{"width":650,"height":434,"url":"https:\/\/www.farmaindustria.es\/web\/wp-content\/uploads\/sites\/2\/2022\/06\/quienes-somos-2022-650x433-1.jpg","type":"image\/jpeg"}],"twitter_card":"summary_large_image","twitter_site":"@FarmaIndustria","twitter_misc":{"Tiempo de lectura":"2 minutos"},"schema":{"@context":"https:\/\/schema.org","@graph":[{"@type":"WebPage","@id":"https:\/\/www.farmaindustria.es\/web\/quienes-somos\/","url":"https:\/\/www.farmaindustria.es\/web\/quienes-somos\/","name":"Qui\u00e9nes somos Farmaindustria","isPartOf":{"@id":"https:\/\/www.farmaindustria.es\/web\/#website"},"primaryImageOfPage":{"@id":"https:\/\/www.farmaindustria.es\/web\/quienes-somos\/#primaryimage"},"image":{"@id":"https:\/\/www.farmaindustria.es\/web\/quienes-somos\/#primaryimage"},"thumbnailUrl":"https:\/\/www.farmaindustria.es\/web\/wp-content\/uploads\/sites\/2\/2022\/06\/quienes-somos-2022-650x433-1.jpg","datePublished":"2013-12-02T15:58:42+00:00","dateModified":"2024-12-10T11:42:07+00:00","description":"Creada en 1963, Farmaindustria es la Asociaci\u00f3n Nacional Empresarial de la Industria Farmac\u00e9utica establecida en Espa\u00f1a.","breadcrumb":{"@id":"https:\/\/www.farmaindustria.es\/web\/quienes-somos\/#breadcrumb"},"inLanguage":"es","potentialAction":[{"@type":"ReadAction","target":["https:\/\/www.farmaindustria.es\/web\/quienes-somos\/"]}]},{"@type":"ImageObject","inLanguage":"es","@id":"https:\/\/www.farmaindustria.es\/web\/quienes-somos\/#primaryimage","url":"https:\/\/www.farmaindustria.es\/web\/wp-content\/uploads\/sites\/2\/2022\/06\/quienes-somos-2022-650x433-1.jpg","contentUrl":"https:\/\/www.farmaindustria.es\/web\/wp-content\/uploads\/sites\/2\/2022\/06\/quienes-somos-2022-650x433-1.jpg","width":650,"height":434},{"@type":"BreadcrumbList","@id":"https:\/\/www.farmaindustria.es\/web\/quienes-somos\/#breadcrumb","itemListElement":[{"@type":"ListItem","position":1,"name":"Portada","item":"https:\/\/www.farmaindustria.es\/web\/"},{"@type":"ListItem","position":2,"name":"Qui\u00e9nes somos"}]},{"@type":"WebSite","@id":"https:\/\/www.farmaindustria.es\/web\/#website","url":"https:\/\/www.farmaindustria.es\/web\/","name":"FarmaIndustria","description":"","potentialAction":[{"@type":"SearchAction","target":{"@type":"EntryPoint","urlTemplate":"https:\/\/www.farmaindustria.es\/web\/?s={search_term_string}"},"query-input":{"@type":"PropertyValueSpecification","valueRequired":true,"valueName":"search_term_string"}}],"inLanguage":"es"}]}},"_links":{"self":[{"href":"https:\/\/www.farmaindustria.es\/web\/wp-json\/wp\/v2\/pages\/125","targetHints":{"allow":["GET"]}}],"collection":[{"href":"https:\/\/www.farmaindustria.es\/web\/wp-json\/wp\/v2\/pages"}],"about":[{"href":"https:\/\/www.farmaindustria.es\/web\/wp-json\/wp\/v2\/types\/page"}],"author":[{"embeddable":true,"href":"https:\/\/www.farmaindustria.es\/web\/wp-json\/wp\/v2\/users\/12"}],"replies":[{"embeddable":true,"href":"https:\/\/www.farmaindustria.es\/web\/wp-json\/wp\/v2\/comments?post=125"}],"version-history":[{"count":2,"href":"https:\/\/www.farmaindustria.es\/web\/wp-json\/wp\/v2\/pages\/125\/revisions"}],"predecessor-version":[{"id":21575,"href":"https:\/\/www.farmaindustria.es\/web\/wp-json\/wp\/v2\/pages\/125\/revisions\/21575"}],"wp:featuredmedia":[{"embeddable":true,"href":"https:\/\/www.farmaindustria.es\/web\/wp-json\/wp\/v2\/media\/16216"}],"wp:attachment":[{"href":"https:\/\/www.farmaindustria.es\/web\/wp-json\/wp\/v2\/media?parent=125"}],"curies":[{"name":"wp","href":"https:\/\/api.w.org\/{rel}","templated":true}]}}