{"id":17226,"date":"2023-01-11T13:23:30","date_gmt":"2023-01-11T12:23:30","guid":{"rendered":"https:\/\/www.farmaindustria.es\/web\/?page_id=17226"},"modified":"2026-04-13T11:36:33","modified_gmt":"2026-04-13T09:36:33","slug":"portada-v4","status":"publish","type":"page","link":"https:\/\/www.farmaindustria.es\/web\/","title":{"rendered":"Portada V4"},"content":{"rendered":"<div class=\"wp-bootstrap-blocks-row row\">\n\t\n\n<div class=\"col-12\">\n\t\t\t\n\n<div class=\"mb-xs-5 text-end\">\n\t<a href=\"https:\/\/www.farmaindustria.es\/web\/jovenes-en-farma\/\"><img decoding=\"async\" class=\"img-fluid d-none d-lg-inline\" src=\"https:\/\/www.farmaindustria.es\/web\/wp-content\/uploads\/sites\/2\/2024\/05\/Banner_Farmaindustria_Jovenes-en-Farma_v03.jpg\" \/><img decoding=\"async\" class=\"img-fluid d-inline d-md-inline d-lg-none\" src=\"https:\/\/www.farmaindustria.es\/web\/wp-content\/uploads\/sites\/2\/2024\/05\/Banner_Farmaindustria_Jovenes-en-Farma_v03_Movil-1.jpg\" \/><\/a>\n<\/div>\n\n\n\t<\/div>\n\n<\/div>\n\n\n<div class=\"wp-bootstrap-blocks-row row mb30 home-feat-blocks g-0\">\n\t\n\n<div class=\"col-12 col-md-4 col-lg-3 col-lg-height\">\n\t\t\t\n\n<figure class=\"wp-block-gallery has-nested-images columns-default is-cropped wp-block-gallery-1 is-layout-flex wp-block-gallery-is-layout-flex\">\n<figure class=\"wp-block-image size-full\"><a href=\"https:\/\/www.farmaindustria.es\/web\/wp-content\/uploads\/sites\/2\/2025\/10\/FI.LGO_Nacional-ESP_V10.pdf\"><img loading=\"lazy\" decoding=\"async\" width=\"580\" height=\"800\" data-id=\"23362\" src=\"https:\/\/www.farmaindustria.es\/web\/wp-content\/uploads\/sites\/2\/2026\/01\/150ppp_Bannersv4-01.png\" alt=\"\" class=\"wp-image-23362\" srcset=\"https:\/\/www.farmaindustria.es\/web\/wp-content\/uploads\/sites\/2\/2026\/01\/150ppp_Bannersv4-01.png 580w, https:\/\/www.farmaindustria.es\/web\/wp-content\/uploads\/sites\/2\/2026\/01\/150ppp_Bannersv4-01-218x300.png 218w, https:\/\/www.farmaindustria.es\/web\/wp-content\/uploads\/sites\/2\/2026\/01\/150ppp_Bannersv4-01-131x180.png 131w, https:\/\/www.farmaindustria.es\/web\/wp-content\/uploads\/sites\/2\/2026\/01\/150ppp_Bannersv4-01-87x120.png 87w, https:\/\/www.farmaindustria.es\/web\/wp-content\/uploads\/sites\/2\/2026\/01\/150ppp_Bannersv4-01-36x50.png 36w\" sizes=\"auto, (max-width: 580px) 100vw, 580px\" \/><\/a><\/figure>\n<\/figure>\n\n\t<\/div>\n\n\n\n<div class=\"col-12 col-md-8 col-lg-6 col-lg-height\">\n\t\t\t\n\n<figure class=\"wp-block-embed alignfull is-type-video is-provider-youtube wp-block-embed-youtube wp-embed-aspect-16-9 wp-has-aspect-ratio\"><div class=\"wp-block-embed__wrapper\">\n<div class=\"embed-responsive embed-responsive-16by9\"><iframe loading=\"lazy\" title=\"As\u00ed vivimos #HackeandoLaBrecha \" width=\"640\" height=\"360\" src=\"https:\/\/www.youtube.com\/embed\/kv7tklGAoK4?feature=oembed\" frameborder=\"0\" allow=\"accelerometer; autoplay; clipboard-write; encrypted-media; gyroscope; picture-in-picture; web-share\" referrerpolicy=\"strict-origin-when-cross-origin\" allowfullscreen><\/iframe><\/div>\n<\/div><\/figure>\n\n\t<\/div>\n\n\n\n<div class=\"col-12 col-md-8 col-lg-3 col-lg-height\">\n\t\t\t\n\n<figure class=\"wp-block-image size-full\"><a href=\"https:\/\/www.farmaindustria.es\/web\/la-decision-de-europa\/\"><img loading=\"lazy\" decoding=\"async\" width=\"580\" height=\"800\" src=\"https:\/\/www.farmaindustria.es\/web\/wp-content\/uploads\/sites\/2\/2026\/01\/150ppp_Bannersv4-02.png\" alt=\"\" class=\"wp-image-23361\" srcset=\"https:\/\/www.farmaindustria.es\/web\/wp-content\/uploads\/sites\/2\/2026\/01\/150ppp_Bannersv4-02.png 580w, https:\/\/www.farmaindustria.es\/web\/wp-content\/uploads\/sites\/2\/2026\/01\/150ppp_Bannersv4-02-218x300.png 218w, https:\/\/www.farmaindustria.es\/web\/wp-content\/uploads\/sites\/2\/2026\/01\/150ppp_Bannersv4-02-131x180.png 131w, https:\/\/www.farmaindustria.es\/web\/wp-content\/uploads\/sites\/2\/2026\/01\/150ppp_Bannersv4-02-87x120.png 87w, https:\/\/www.farmaindustria.es\/web\/wp-content\/uploads\/sites\/2\/2026\/01\/150ppp_Bannersv4-02-36x50.png 36w\" sizes=\"auto, (max-width: 580px) 100vw, 580px\" \/><\/a><\/figure>\n\n\t<\/div>\n\n<\/div>\n\n\n<div class=\"wp-bootstrap-blocks-row row\">\n\t\n\n<div class=\"col-12\">\n\t\t\t\n\n<div class=\"mb-xs-5 text-end\">\n\t<a href=\"https:\/\/www.farmaindustria.es\/web\/imagine-efpia-farmaindustria\/\"><img decoding=\"async\" class=\"img-fluid d-none d-lg-inline\" src=\"https:\/\/www.farmaindustria.es\/web\/wp-content\/uploads\/sites\/2\/2024\/02\/Banner_Landing_Imagina_v04.jpg\" \/><img decoding=\"async\" class=\"img-fluid d-inline d-md-inline d-lg-none\" src=\"https:\/\/www.farmaindustria.es\/web\/wp-content\/uploads\/sites\/2\/2024\/02\/Banner_Landing_Imagina_v04_Movil.png\" \/><\/a>\n<\/div>\n\n\n\t<\/div>\n\n<\/div>\n\n\n<div class=\"wp-bootstrap-blocks-row row g-0\">\n\t\n\n<div class=\"col-12 col-md-6\">\n\t\t\t\n<div class=\"home-v3 home-v3-somospacientes\">\n\t<div class=\"home-v3-title\">SOMOS PACIENTES<\/div>\n\n\t<div class=\"sticky\">\n\t\t<h2><a target=\"_blank\" href=\"https:\/\/www.somospacientes.com\/noticias\/al-dia\/asociaciones\/cifras-diabetes-espana-2024\/\">Las cifras de la diabetes se mantienen estables en Espa\u00f1a, pero aumentan en el mundo<\/a><\/h2>\n\t<\/div>\n\n\t<hr \/>\n\n\t<div class=\"row\">\n\t\t<div class=\"col-sm-6\">\n\t\t\t<h2><a target=\"_blank\" href=\"https:\/\/www.somospacientes.com\/noticias\/al-dia\/asociaciones\/decalogo-humanizacion-cancer\/\">Un dec\u00e1logo para un futuro m\u00e1s humano para los pacientes oncol\u00f3gicos<\/a><\/h2>\n\t\t\t<p>El c\u00e1ncer a\u00fan es una de las grandes causas de morbilidad y mortalidad en el mundo<\/p>\n\t\t<\/div>\n\n\t\t<div class=\"col-sm-6\">\n\t\t\t<h2><a target=\"_blank\" href=\"https:\/\/www.somospacientes.com\/noticias\/al-dia\/de-interes\/casi-2-000-familias-reciben-cada-ano-en-espana-un-diagnostico-de-sordera-infantil\/\">Casi 2.000 familias reciben cada a\u00f1o en Espa\u00f1a un diagn\u00f3stico de sordera infantil<\/a><\/h2>\n\t\t\t<p>Cinco de cada 1.000 reci\u00e9n nacidos presentan alg\u00fan grado de hipoacusia<\/p>\n\t\t<\/div>\n\t<\/div>\n<\/div>\n\n\t<\/div>\n\n\n\n<div class=\"col-12 col-md-3\">\n\t\t\t\n\n<figure class=\"wp-block-image size-full\"><a href=\"https:\/\/www.farmaindustria.es\/web\/memoria-anual-2022\/\"><img loading=\"lazy\" decoding=\"async\" width=\"556\" height=\"764\" src=\"https:\/\/www.farmaindustria.es\/web\/wp-content\/uploads\/sites\/2\/2023\/11\/20231018_FARMAINDUSTRIA_Parallaxweb_v01_556x764.gif\" alt=\"\" class=\"wp-image-19186\" style=\"object-fit:cover\"\/><\/a><\/figure>\n\n\t<\/div>\n\n\n\n<div class=\"col-12 col-md-3\">\n\t\t\t\n<div class=\"home-v3 home-v3-newsletter\">\n\t<div class=\"home-v3-title\">Newsletter<\/div>\n\n\t<div class=\"home-v3-newsletter-txt\">Suscr\u00edbete a nuestro <strong>bolet\u00edn informativo<\/strong><\/div>\n\t<div class=\"hover-bottom\"><a href=\"https:\/\/www.farmaindustria.es\/web\/newsletter\/\" class=\"more\">Suscr\u00edbete<\/a><\/div>\n<\/div>\n\n\t<\/div>\n\n<\/div>\n\n\n\n<style>\n.wp-block-image img{\n\nmax-width:100.8%;\nheight: auto;\n\n}\n<\/style>\n","protected":false},"excerpt":{"rendered":"","protected":false},"author":20,"featured_media":0,"parent":0,"menu_order":0,"comment_status":"closed","ping_status":"closed","template":"page-templates\/portada-v4.php","meta":{"_acf_changed":false,"footnotes":""},"class_list":["post-17226","page","type-page","status-publish","hentry"],"acf":[],"yoast_head":"<!-- This site is optimized with the Yoast SEO plugin v27.2 - https:\/\/yoast.com\/product\/yoast-seo-wordpress\/ -->\n<title>FarmaIndustria - Innovaci\u00f3n para las personas.<\/title>\n<meta name=\"robots\" content=\"index, follow, max-snippet:-1, max-image-preview:large, max-video-preview:-1\" \/>\n<link rel=\"canonical\" href=\"https:\/\/www.farmaindustria.es\/web\/\" \/>\n<meta property=\"og:locale\" content=\"es_ES\" \/>\n<meta property=\"og:type\" content=\"article\" \/>\n<meta property=\"og:title\" content=\"FarmaIndustria - Innovaci\u00f3n para las personas.\" \/>\n<meta property=\"og:url\" content=\"https:\/\/www.farmaindustria.es\/web\/\" \/>\n<meta property=\"og:site_name\" content=\"FarmaIndustria\" \/>\n<meta property=\"article:publisher\" content=\"https:\/\/www.facebook.com\/pages\/Farmaindustria\/730634013647836?ref=hl\" \/>\n<meta property=\"article:modified_time\" content=\"2026-04-13T09:36:33+00:00\" \/>\n<meta property=\"og:image\" content=\"https:\/\/www.farmaindustria.es\/web\/wp-content\/uploads\/sites\/2\/2026\/01\/150ppp_Bannersv4-01.png\" \/>\n<meta name=\"twitter:card\" content=\"summary_large_image\" \/>\n<meta name=\"twitter:site\" content=\"@FarmaIndustria\" \/>\n<meta name=\"twitter:label1\" content=\"Tiempo de lectura\" \/>\n\t<meta name=\"twitter:data1\" content=\"1 minuto\" \/>\n<script type=\"application\/ld+json\" class=\"yoast-schema-graph\">{\"@context\":\"https:\/\/schema.org\",\"@graph\":[{\"@type\":\"WebPage\",\"@id\":\"https:\/\/www.farmaindustria.es\/web\/\",\"url\":\"https:\/\/www.farmaindustria.es\/web\/\",\"name\":\"FarmaIndustria - Innovaci\u00f3n para las personas.\",\"isPartOf\":{\"@id\":\"https:\/\/www.farmaindustria.es\/web\/#website\"},\"primaryImageOfPage\":{\"@id\":\"https:\/\/www.farmaindustria.es\/web\/#primaryimage\"},\"image\":{\"@id\":\"https:\/\/www.farmaindustria.es\/web\/#primaryimage\"},\"thumbnailUrl\":\"https:\/\/www.farmaindustria.es\/web\/wp-content\/uploads\/sites\/2\/2026\/01\/150ppp_Bannersv4-01.png\",\"datePublished\":\"2023-01-11T12:23:30+00:00\",\"dateModified\":\"2026-04-13T09:36:33+00:00\",\"breadcrumb\":{\"@id\":\"https:\/\/www.farmaindustria.es\/web\/#breadcrumb\"},\"inLanguage\":\"es\",\"potentialAction\":[{\"@type\":\"ReadAction\",\"target\":[\"https:\/\/www.farmaindustria.es\/web\/\"]}]},{\"@type\":\"ImageObject\",\"inLanguage\":\"es\",\"@id\":\"https:\/\/www.farmaindustria.es\/web\/#primaryimage\",\"url\":\"https:\/\/www.farmaindustria.es\/web\/wp-content\/uploads\/sites\/2\/2026\/01\/150ppp_Bannersv4-01.png\",\"contentUrl\":\"https:\/\/www.farmaindustria.es\/web\/wp-content\/uploads\/sites\/2\/2026\/01\/150ppp_Bannersv4-01.png\",\"width\":580,\"height\":800},{\"@type\":\"BreadcrumbList\",\"@id\":\"https:\/\/www.farmaindustria.es\/web\/#breadcrumb\",\"itemListElement\":[{\"@type\":\"ListItem\",\"position\":1,\"name\":\"Portada\",\"item\":\"https:\/\/www.farmaindustria.es\/web\/\"},{\"@type\":\"ListItem\",\"position\":2,\"name\":\"Portada V4\"}]},{\"@type\":\"WebSite\",\"@id\":\"https:\/\/www.farmaindustria.es\/web\/#website\",\"url\":\"https:\/\/www.farmaindustria.es\/web\/\",\"name\":\"FarmaIndustria\",\"description\":\"\",\"potentialAction\":[{\"@type\":\"SearchAction\",\"target\":{\"@type\":\"EntryPoint\",\"urlTemplate\":\"https:\/\/www.farmaindustria.es\/web\/?s={search_term_string}\"},\"query-input\":{\"@type\":\"PropertyValueSpecification\",\"valueRequired\":true,\"valueName\":\"search_term_string\"}}],\"inLanguage\":\"es\"}]}<\/script>\n<!-- \/ Yoast SEO plugin. -->","yoast_head_json":{"title":"FarmaIndustria - Innovaci\u00f3n para las personas.","robots":{"index":"index","follow":"follow","max-snippet":"max-snippet:-1","max-image-preview":"max-image-preview:large","max-video-preview":"max-video-preview:-1"},"canonical":"https:\/\/www.farmaindustria.es\/web\/","og_locale":"es_ES","og_type":"article","og_title":"FarmaIndustria - Innovaci\u00f3n para las personas.","og_url":"https:\/\/www.farmaindustria.es\/web\/","og_site_name":"FarmaIndustria","article_publisher":"https:\/\/www.facebook.com\/pages\/Farmaindustria\/730634013647836?ref=hl","article_modified_time":"2026-04-13T09:36:33+00:00","og_image":[{"url":"https:\/\/www.farmaindustria.es\/web\/wp-content\/uploads\/sites\/2\/2026\/01\/150ppp_Bannersv4-01.png","type":"","width":"","height":""}],"twitter_card":"summary_large_image","twitter_site":"@FarmaIndustria","twitter_misc":{"Tiempo de lectura":"1 minuto"},"schema":{"@context":"https:\/\/schema.org","@graph":[{"@type":"WebPage","@id":"https:\/\/www.farmaindustria.es\/web\/","url":"https:\/\/www.farmaindustria.es\/web\/","name":"FarmaIndustria - Innovaci\u00f3n para las personas.","isPartOf":{"@id":"https:\/\/www.farmaindustria.es\/web\/#website"},"primaryImageOfPage":{"@id":"https:\/\/www.farmaindustria.es\/web\/#primaryimage"},"image":{"@id":"https:\/\/www.farmaindustria.es\/web\/#primaryimage"},"thumbnailUrl":"https:\/\/www.farmaindustria.es\/web\/wp-content\/uploads\/sites\/2\/2026\/01\/150ppp_Bannersv4-01.png","datePublished":"2023-01-11T12:23:30+00:00","dateModified":"2026-04-13T09:36:33+00:00","breadcrumb":{"@id":"https:\/\/www.farmaindustria.es\/web\/#breadcrumb"},"inLanguage":"es","potentialAction":[{"@type":"ReadAction","target":["https:\/\/www.farmaindustria.es\/web\/"]}]},{"@type":"ImageObject","inLanguage":"es","@id":"https:\/\/www.farmaindustria.es\/web\/#primaryimage","url":"https:\/\/www.farmaindustria.es\/web\/wp-content\/uploads\/sites\/2\/2026\/01\/150ppp_Bannersv4-01.png","contentUrl":"https:\/\/www.farmaindustria.es\/web\/wp-content\/uploads\/sites\/2\/2026\/01\/150ppp_Bannersv4-01.png","width":580,"height":800},{"@type":"BreadcrumbList","@id":"https:\/\/www.farmaindustria.es\/web\/#breadcrumb","itemListElement":[{"@type":"ListItem","position":1,"name":"Portada","item":"https:\/\/www.farmaindustria.es\/web\/"},{"@type":"ListItem","position":2,"name":"Portada V4"}]},{"@type":"WebSite","@id":"https:\/\/www.farmaindustria.es\/web\/#website","url":"https:\/\/www.farmaindustria.es\/web\/","name":"FarmaIndustria","description":"","potentialAction":[{"@type":"SearchAction","target":{"@type":"EntryPoint","urlTemplate":"https:\/\/www.farmaindustria.es\/web\/?s={search_term_string}"},"query-input":{"@type":"PropertyValueSpecification","valueRequired":true,"valueName":"search_term_string"}}],"inLanguage":"es"}]}},"_links":{"self":[{"href":"https:\/\/www.farmaindustria.es\/web\/wp-json\/wp\/v2\/pages\/17226","targetHints":{"allow":["GET"]}}],"collection":[{"href":"https:\/\/www.farmaindustria.es\/web\/wp-json\/wp\/v2\/pages"}],"about":[{"href":"https:\/\/www.farmaindustria.es\/web\/wp-json\/wp\/v2\/types\/page"}],"author":[{"embeddable":true,"href":"https:\/\/www.farmaindustria.es\/web\/wp-json\/wp\/v2\/users\/20"}],"replies":[{"embeddable":true,"href":"https:\/\/www.farmaindustria.es\/web\/wp-json\/wp\/v2\/comments?post=17226"}],"version-history":[{"count":2,"href":"https:\/\/www.farmaindustria.es\/web\/wp-json\/wp\/v2\/pages\/17226\/revisions"}],"predecessor-version":[{"id":23699,"href":"https:\/\/www.farmaindustria.es\/web\/wp-json\/wp\/v2\/pages\/17226\/revisions\/23699"}],"wp:attachment":[{"href":"https:\/\/www.farmaindustria.es\/web\/wp-json\/wp\/v2\/media?parent=17226"}],"curies":[{"name":"wp","href":"https:\/\/api.w.org\/{rel}","templated":true}]}}