{"id":210,"date":"2013-12-02T19:18:42","date_gmt":"2013-12-02T18:18:42","guid":{"rendered":"https:\/\/www.farmaindustria.es\/web\/?page_id=210"},"modified":"2014-01-15T10:48:29","modified_gmt":"2014-01-15T09:48:29","slug":"servicios-a-los-laboratorios","status":"publish","type":"page","link":"https:\/\/www.farmaindustria.es\/web\/mision\/servicios-a-los-laboratorios\/","title":{"rendered":"Servicios a los laboratorios"},"content":{"rendered":"<p>Proporcionar servicios de valor a\u00f1adido a los laboratorios asociados en los campos de la informaci\u00f3n, el asesoramiento y la colaboraci\u00f3n empresarial.<\/p>\n","protected":false},"excerpt":{"rendered":"<p>Proporcionar servicios de valor a\u00f1adido a los laboratorios asociados en los campos de la informaci\u00f3n, el asesoramiento y la colaboraci\u00f3n empresarial.<\/p>\n","protected":false},"author":12,"featured_media":2043,"parent":131,"menu_order":40,"comment_status":"open","ping_status":"open","template":"","meta":{"_acf_changed":false,"footnotes":""},"class_list":["post-210","page","type-page","status-publish","has-post-thumbnail","hentry"],"acf":[],"yoast_head":"<!-- This site is optimized with the Yoast SEO plugin v27.2 - https:\/\/yoast.com\/product\/yoast-seo-wordpress\/ -->\n<title>Servicios a los laboratorios - FarmaIndustria<\/title>\n<meta name=\"robots\" content=\"index, follow, max-snippet:-1, max-image-preview:large, max-video-preview:-1\" \/>\n<link rel=\"canonical\" href=\"https:\/\/www.farmaindustria.es\/web\/mision\/servicios-a-los-laboratorios\/\" \/>\n<meta property=\"og:locale\" content=\"es_ES\" \/>\n<meta property=\"og:type\" content=\"article\" \/>\n<meta property=\"og:title\" content=\"Servicios a los laboratorios - FarmaIndustria\" \/>\n<meta property=\"og:description\" content=\"Proporcionar servicios de valor a\u00f1adido a los laboratorios asociados en los campos de la informaci\u00f3n, el asesoramiento y la colaboraci\u00f3n empresarial.\" \/>\n<meta property=\"og:url\" content=\"https:\/\/www.farmaindustria.es\/web\/mision\/servicios-a-los-laboratorios\/\" \/>\n<meta property=\"og:site_name\" content=\"FarmaIndustria\" \/>\n<meta property=\"article:publisher\" content=\"https:\/\/www.facebook.com\/pages\/Farmaindustria\/730634013647836?ref=hl\" \/>\n<meta property=\"article:modified_time\" content=\"2014-01-15T09:48:29+00:00\" \/>\n<meta property=\"og:image\" content=\"https:\/\/www.farmaindustria.es\/web\/wp-content\/uploads\/sites\/2\/2013\/12\/servicios_laboratorios.jpg\" \/>\n\t<meta property=\"og:image:width\" content=\"360\" \/>\n\t<meta property=\"og:image:height\" content=\"204\" \/>\n\t<meta property=\"og:image:type\" content=\"image\/jpeg\" \/>\n<meta name=\"twitter:card\" content=\"summary_large_image\" \/>\n<meta name=\"twitter:site\" content=\"@FarmaIndustria\" \/>\n<script type=\"application\/ld+json\" class=\"yoast-schema-graph\">{\"@context\":\"https:\/\/schema.org\",\"@graph\":[{\"@type\":\"WebPage\",\"@id\":\"https:\/\/www.farmaindustria.es\/web\/mision\/servicios-a-los-laboratorios\/\",\"url\":\"https:\/\/www.farmaindustria.es\/web\/mision\/servicios-a-los-laboratorios\/\",\"name\":\"Servicios a los laboratorios - FarmaIndustria\",\"isPartOf\":{\"@id\":\"https:\/\/www.farmaindustria.es\/web\/#website\"},\"primaryImageOfPage\":{\"@id\":\"https:\/\/www.farmaindustria.es\/web\/mision\/servicios-a-los-laboratorios\/#primaryimage\"},\"image\":{\"@id\":\"https:\/\/www.farmaindustria.es\/web\/mision\/servicios-a-los-laboratorios\/#primaryimage\"},\"thumbnailUrl\":\"https:\/\/www.farmaindustria.es\/web\/wp-content\/uploads\/sites\/2\/2013\/12\/servicios_laboratorios.jpg\",\"datePublished\":\"2013-12-02T18:18:42+00:00\",\"dateModified\":\"2014-01-15T09:48:29+00:00\",\"breadcrumb\":{\"@id\":\"https:\/\/www.farmaindustria.es\/web\/mision\/servicios-a-los-laboratorios\/#breadcrumb\"},\"inLanguage\":\"es\",\"potentialAction\":[{\"@type\":\"ReadAction\",\"target\":[\"https:\/\/www.farmaindustria.es\/web\/mision\/servicios-a-los-laboratorios\/\"]}]},{\"@type\":\"ImageObject\",\"inLanguage\":\"es\",\"@id\":\"https:\/\/www.farmaindustria.es\/web\/mision\/servicios-a-los-laboratorios\/#primaryimage\",\"url\":\"https:\/\/www.farmaindustria.es\/web\/wp-content\/uploads\/sites\/2\/2013\/12\/servicios_laboratorios.jpg\",\"contentUrl\":\"https:\/\/www.farmaindustria.es\/web\/wp-content\/uploads\/sites\/2\/2013\/12\/servicios_laboratorios.jpg\",\"width\":360,\"height\":204},{\"@type\":\"BreadcrumbList\",\"@id\":\"https:\/\/www.farmaindustria.es\/web\/mision\/servicios-a-los-laboratorios\/#breadcrumb\",\"itemListElement\":[{\"@type\":\"ListItem\",\"position\":1,\"name\":\"Portada\",\"item\":\"https:\/\/www.farmaindustria.es\/web\/\"},{\"@type\":\"ListItem\",\"position\":2,\"name\":\"Misi\u00f3n\",\"item\":\"https:\/\/www.farmaindustria.es\/web\/mision\/\"},{\"@type\":\"ListItem\",\"position\":3,\"name\":\"Servicios a los laboratorios\"}]},{\"@type\":\"WebSite\",\"@id\":\"https:\/\/www.farmaindustria.es\/web\/#website\",\"url\":\"https:\/\/www.farmaindustria.es\/web\/\",\"name\":\"FarmaIndustria\",\"description\":\"\",\"potentialAction\":[{\"@type\":\"SearchAction\",\"target\":{\"@type\":\"EntryPoint\",\"urlTemplate\":\"https:\/\/www.farmaindustria.es\/web\/?s={search_term_string}\"},\"query-input\":{\"@type\":\"PropertyValueSpecification\",\"valueRequired\":true,\"valueName\":\"search_term_string\"}}],\"inLanguage\":\"es\"}]}<\/script>\n<!-- \/ Yoast SEO plugin. -->","yoast_head_json":{"title":"Servicios a los laboratorios - FarmaIndustria","robots":{"index":"index","follow":"follow","max-snippet":"max-snippet:-1","max-image-preview":"max-image-preview:large","max-video-preview":"max-video-preview:-1"},"canonical":"https:\/\/www.farmaindustria.es\/web\/mision\/servicios-a-los-laboratorios\/","og_locale":"es_ES","og_type":"article","og_title":"Servicios a los laboratorios - FarmaIndustria","og_description":"Proporcionar servicios de valor a\u00f1adido a los laboratorios asociados en los campos de la informaci\u00f3n, el asesoramiento y la colaboraci\u00f3n empresarial.","og_url":"https:\/\/www.farmaindustria.es\/web\/mision\/servicios-a-los-laboratorios\/","og_site_name":"FarmaIndustria","article_publisher":"https:\/\/www.facebook.com\/pages\/Farmaindustria\/730634013647836?ref=hl","article_modified_time":"2014-01-15T09:48:29+00:00","og_image":[{"width":360,"height":204,"url":"https:\/\/www.farmaindustria.es\/web\/wp-content\/uploads\/sites\/2\/2013\/12\/servicios_laboratorios.jpg","type":"image\/jpeg"}],"twitter_card":"summary_large_image","twitter_site":"@FarmaIndustria","schema":{"@context":"https:\/\/schema.org","@graph":[{"@type":"WebPage","@id":"https:\/\/www.farmaindustria.es\/web\/mision\/servicios-a-los-laboratorios\/","url":"https:\/\/www.farmaindustria.es\/web\/mision\/servicios-a-los-laboratorios\/","name":"Servicios a los laboratorios - FarmaIndustria","isPartOf":{"@id":"https:\/\/www.farmaindustria.es\/web\/#website"},"primaryImageOfPage":{"@id":"https:\/\/www.farmaindustria.es\/web\/mision\/servicios-a-los-laboratorios\/#primaryimage"},"image":{"@id":"https:\/\/www.farmaindustria.es\/web\/mision\/servicios-a-los-laboratorios\/#primaryimage"},"thumbnailUrl":"https:\/\/www.farmaindustria.es\/web\/wp-content\/uploads\/sites\/2\/2013\/12\/servicios_laboratorios.jpg","datePublished":"2013-12-02T18:18:42+00:00","dateModified":"2014-01-15T09:48:29+00:00","breadcrumb":{"@id":"https:\/\/www.farmaindustria.es\/web\/mision\/servicios-a-los-laboratorios\/#breadcrumb"},"inLanguage":"es","potentialAction":[{"@type":"ReadAction","target":["https:\/\/www.farmaindustria.es\/web\/mision\/servicios-a-los-laboratorios\/"]}]},{"@type":"ImageObject","inLanguage":"es","@id":"https:\/\/www.farmaindustria.es\/web\/mision\/servicios-a-los-laboratorios\/#primaryimage","url":"https:\/\/www.farmaindustria.es\/web\/wp-content\/uploads\/sites\/2\/2013\/12\/servicios_laboratorios.jpg","contentUrl":"https:\/\/www.farmaindustria.es\/web\/wp-content\/uploads\/sites\/2\/2013\/12\/servicios_laboratorios.jpg","width":360,"height":204},{"@type":"BreadcrumbList","@id":"https:\/\/www.farmaindustria.es\/web\/mision\/servicios-a-los-laboratorios\/#breadcrumb","itemListElement":[{"@type":"ListItem","position":1,"name":"Portada","item":"https:\/\/www.farmaindustria.es\/web\/"},{"@type":"ListItem","position":2,"name":"Misi\u00f3n","item":"https:\/\/www.farmaindustria.es\/web\/mision\/"},{"@type":"ListItem","position":3,"name":"Servicios a los laboratorios"}]},{"@type":"WebSite","@id":"https:\/\/www.farmaindustria.es\/web\/#website","url":"https:\/\/www.farmaindustria.es\/web\/","name":"FarmaIndustria","description":"","potentialAction":[{"@type":"SearchAction","target":{"@type":"EntryPoint","urlTemplate":"https:\/\/www.farmaindustria.es\/web\/?s={search_term_string}"},"query-input":{"@type":"PropertyValueSpecification","valueRequired":true,"valueName":"search_term_string"}}],"inLanguage":"es"}]}},"_links":{"self":[{"href":"https:\/\/www.farmaindustria.es\/web\/wp-json\/wp\/v2\/pages\/210","targetHints":{"allow":["GET"]}}],"collection":[{"href":"https:\/\/www.farmaindustria.es\/web\/wp-json\/wp\/v2\/pages"}],"about":[{"href":"https:\/\/www.farmaindustria.es\/web\/wp-json\/wp\/v2\/types\/page"}],"author":[{"embeddable":true,"href":"https:\/\/www.farmaindustria.es\/web\/wp-json\/wp\/v2\/users\/12"}],"replies":[{"embeddable":true,"href":"https:\/\/www.farmaindustria.es\/web\/wp-json\/wp\/v2\/comments?post=210"}],"version-history":[{"count":2,"href":"https:\/\/www.farmaindustria.es\/web\/wp-json\/wp\/v2\/pages\/210\/revisions"}],"predecessor-version":[{"id":2146,"href":"https:\/\/www.farmaindustria.es\/web\/wp-json\/wp\/v2\/pages\/210\/revisions\/2146"}],"up":[{"embeddable":true,"href":"https:\/\/www.farmaindustria.es\/web\/wp-json\/wp\/v2\/pages\/131"}],"wp:featuredmedia":[{"embeddable":true,"href":"https:\/\/www.farmaindustria.es\/web\/wp-json\/wp\/v2\/media\/2043"}],"wp:attachment":[{"href":"https:\/\/www.farmaindustria.es\/web\/wp-json\/wp\/v2\/media?parent=210"}],"curies":[{"name":"wp","href":"https:\/\/api.w.org\/{rel}","templated":true}]}}