{"id":3983,"date":"2014-12-18T16:49:35","date_gmt":"2014-12-18T15:49:35","guid":{"rendered":"https:\/\/www.farmaindustria.es\/web\/?page_id=3983"},"modified":"2017-11-21T10:20:59","modified_gmt":"2017-11-21T09:20:59","slug":"quejas","status":"publish","type":"page","link":"https:\/\/www.farmaindustria.es\/web\/quejas\/","title":{"rendered":"Quejas"},"content":{"rendered":"\n<div class=\"wpcf7 no-js\" id=\"wpcf7-f3982-o1\" lang=\"es-ES\" dir=\"ltr\" data-wpcf7-id=\"3982\">\n<div class=\"screen-reader-response\"><p role=\"status\" aria-live=\"polite\" aria-atomic=\"true\"><\/p> <ul><\/ul><\/div>\n<form action=\"\/web\/wp-json\/wp\/v2\/pages\/3983#wpcf7-f3982-o1\" method=\"post\" class=\"wpcf7-form init form-horizontal frm-style frm-style-dark\" aria-label=\"Formulario de contacto\" novalidate=\"novalidate\" data-status=\"init\">\n<fieldset class=\"hidden-fields-container\"><input type=\"hidden\" name=\"_wpcf7\" value=\"3982\" \/><input type=\"hidden\" name=\"_wpcf7_version\" value=\"6.1.5\" \/><input type=\"hidden\" name=\"_wpcf7_locale\" value=\"es_ES\" \/><input type=\"hidden\" name=\"_wpcf7_unit_tag\" value=\"wpcf7-f3982-o1\" \/><input type=\"hidden\" name=\"_wpcf7_container_post\" value=\"0\" \/><input type=\"hidden\" name=\"_wpcf7_posted_data_hash\" value=\"\" \/>\n<\/fieldset>\n<div class=\"form-group\">\n\t<p><label for=\"quejas-name\" class=\"col-sm-3 control-label text-left\">Nombre: <span class=\"text-primary\">*<\/span><\/label>\n\t<\/p>\n\t<div class=\"col-sm-9\">\n\t\t<p><span class=\"wpcf7-form-control-wrap\" data-name=\"nombre\"><input size=\"40\" maxlength=\"400\" class=\"wpcf7-form-control wpcf7-text wpcf7-validates-as-required form-control\" id=\"quejas-name\" aria-required=\"true\" aria-invalid=\"false\" value=\"\" type=\"text\" name=\"nombre\" \/><\/span>\n\t\t<\/p>\n\t<\/div>\n<\/div>\n<div class=\"form-group\">\n\t<p><label for=\"quejas-surname\" class=\"col-sm-3 control-label text-left\">Apellidos: <span class=\"text-primary\">*<\/span><\/label>\n\t<\/p>\n\t<div class=\"col-sm-9\">\n\t\t<p><span class=\"wpcf7-form-control-wrap\" data-name=\"apellidos\"><input size=\"40\" maxlength=\"400\" class=\"wpcf7-form-control wpcf7-text wpcf7-validates-as-required form-control\" id=\"quejas-surname\" aria-required=\"true\" aria-invalid=\"false\" value=\"\" type=\"text\" name=\"apellidos\" \/><\/span>\n\t\t<\/p>\n\t<\/div>\n<\/div>\n<div class=\"form-group\">\n\t<p><label for=\"quejas-labcro\" class=\"col-sm-3 control-label text-left\">Laboratorio\/CRO: <span class=\"text-primary\">*<\/span><\/label>\n\t<\/p>\n\t<div class=\"col-sm-9\">\n\t\t<p><span class=\"wpcf7-form-control-wrap\" data-name=\"labcro\"><input size=\"40\" maxlength=\"400\" class=\"wpcf7-form-control wpcf7-text wpcf7-validates-as-required form-control\" id=\"quejas-labcro\" aria-required=\"true\" aria-invalid=\"false\" value=\"\" type=\"text\" name=\"labcro\" \/><\/span>\n\t\t<\/p>\n\t<\/div>\n<\/div>\n<div class=\"form-group\">\n\t<p><label for=\"quejas-phone\" class=\"col-sm-3 control-label text-left\">Tel\u00e9fono: <span class=\"text-primary\">*<\/span><\/label>\n\t<\/p>\n\t<div class=\"col-sm-9\">\n\t\t<p><span class=\"wpcf7-form-control-wrap\" data-name=\"telefono\"><input size=\"40\" maxlength=\"400\" class=\"wpcf7-form-control wpcf7-tel wpcf7-validates-as-required wpcf7-text wpcf7-validates-as-tel form-control\" id=\"quejas-phone\" aria-required=\"true\" aria-invalid=\"false\" value=\"\" type=\"tel\" name=\"telefono\" \/><\/span>\n\t\t<\/p>\n\t<\/div>\n<\/div>\n<div class=\"form-group\">\n\t<p><label for=\"quejas-email\" class=\"col-sm-3 control-label text-left\">e-mail: <span class=\"text-primary\">*<\/span><\/label>\n\t<\/p>\n\t<div class=\"col-sm-9\">\n\t\t<p><span class=\"wpcf7-form-control-wrap\" data-name=\"email\"><input size=\"40\" maxlength=\"400\" class=\"wpcf7-form-control wpcf7-email wpcf7-validates-as-required wpcf7-text wpcf7-validates-as-email form-control\" id=\"quejas-email\" aria-required=\"true\" aria-invalid=\"false\" value=\"\" type=\"email\" name=\"email\" \/><\/span>\n\t\t<\/p>\n\t<\/div>\n<\/div>\n<div class=\"form-group\">\n\t<p><label for=\"quejas-desc\" class=\"col-sm-12 control-label text-left\">Breve descripci\u00f3n de los hechos: <span class=\"text-primary\">*<\/span><\/label>\n\t<\/p>\n\t<div class=\"col-sm-12\">\n\t\t<p><span class=\"wpcf7-form-control-wrap\" data-name=\"descripcion\"><textarea cols=\"40\" rows=\"6\" maxlength=\"2000\" class=\"wpcf7-form-control wpcf7-textarea wpcf7-validates-as-required form-control\" id=\"quejas-desc\" aria-required=\"true\" aria-invalid=\"false\" name=\"descripcion\"><\/textarea><\/span>\n\t\t<\/p>\n\t<\/div>\n<\/div>\n<div class=\"form-group\">\n\t<div class=\"col-sm-offset-2 col-sm-8 text-center\">\n\t\t<p><input class=\"wpcf7-form-control wpcf7-submit has-spinner btn btn-default\" type=\"submit\" value=\"Enviar\" \/>\n\t\t<\/p>\n\t<\/div>\n<\/div><div class=\"wpcf7-response-output\" aria-hidden=\"true\"><\/div>\n<\/form>\n<\/div>\n\n<p class=\"small\"><span class=\"text-primary\">*<\/span> Los campos marcados con aster\u00edsco son obligatorios<\/p>\n<p class=\"small\">Todos sus datos ser\u00e1n tratados conforme a la <strong>Ley Org\u00e1nica 15\/1999<\/strong>, de 13 de diciembre, de Protecci\u00f3n de Datos de Car\u00e1cter Personal.<\/p>\n","protected":false},"excerpt":{"rendered":"<p>* Los campos marcados con aster\u00edsco son obligatorios Todos sus datos ser\u00e1n tratados conforme a la Ley Org\u00e1nica 15\/1999, de 13 de diciembre, de Protecci\u00f3n de Datos de Car\u00e1cter Personal.<\/p>\n","protected":false},"author":1,"featured_media":0,"parent":0,"menu_order":0,"comment_status":"open","ping_status":"open","template":"","meta":{"_acf_changed":false,"footnotes":""},"class_list":["post-3983","page","type-page","status-publish","hentry"],"acf":[],"yoast_head":"<!-- This site is optimized with the Yoast SEO plugin v27.2 - https:\/\/yoast.com\/product\/yoast-seo-wordpress\/ -->\n<title>Quejas - FarmaIndustria<\/title>\n<meta name=\"robots\" content=\"index, follow, max-snippet:-1, max-image-preview:large, max-video-preview:-1\" \/>\n<link rel=\"canonical\" href=\"https:\/\/www.farmaindustria.es\/web\/quejas\/\" \/>\n<meta property=\"og:locale\" content=\"es_ES\" \/>\n<meta property=\"og:type\" content=\"article\" \/>\n<meta property=\"og:title\" content=\"Quejas - FarmaIndustria\" \/>\n<meta property=\"og:description\" content=\"* Los campos marcados con aster\u00edsco son obligatorios Todos sus datos ser\u00e1n tratados conforme a la Ley Org\u00e1nica 15\/1999, de 13 de diciembre, de Protecci\u00f3n de Datos de Car\u00e1cter Personal.\" \/>\n<meta property=\"og:url\" content=\"https:\/\/www.farmaindustria.es\/web\/quejas\/\" \/>\n<meta property=\"og:site_name\" content=\"FarmaIndustria\" \/>\n<meta property=\"article:publisher\" content=\"https:\/\/www.facebook.com\/pages\/Farmaindustria\/730634013647836?ref=hl\" \/>\n<meta property=\"article:modified_time\" content=\"2017-11-21T09:20:59+00:00\" \/>\n<meta property=\"og:image\" content=\"https:\/\/www.farmaindustria.es\/web\/wp-content\/uploads\/sites\/2\/2014\/03\/logo-farmaindustria.png\" \/>\n\t<meta property=\"og:image:width\" content=\"200\" \/>\n\t<meta property=\"og:image:height\" content=\"200\" \/>\n\t<meta property=\"og:image:type\" content=\"image\/png\" \/>\n<meta name=\"twitter:card\" content=\"summary_large_image\" \/>\n<meta name=\"twitter:site\" content=\"@FarmaIndustria\" \/>\n<script type=\"application\/ld+json\" class=\"yoast-schema-graph\">{\"@context\":\"https:\/\/schema.org\",\"@graph\":[{\"@type\":\"WebPage\",\"@id\":\"https:\/\/www.farmaindustria.es\/web\/quejas\/\",\"url\":\"https:\/\/www.farmaindustria.es\/web\/quejas\/\",\"name\":\"Quejas - FarmaIndustria\",\"isPartOf\":{\"@id\":\"https:\/\/www.farmaindustria.es\/web\/#website\"},\"datePublished\":\"2014-12-18T15:49:35+00:00\",\"dateModified\":\"2017-11-21T09:20:59+00:00\",\"breadcrumb\":{\"@id\":\"https:\/\/www.farmaindustria.es\/web\/quejas\/#breadcrumb\"},\"inLanguage\":\"es\",\"potentialAction\":[{\"@type\":\"ReadAction\",\"target\":[\"https:\/\/www.farmaindustria.es\/web\/quejas\/\"]}]},{\"@type\":\"BreadcrumbList\",\"@id\":\"https:\/\/www.farmaindustria.es\/web\/quejas\/#breadcrumb\",\"itemListElement\":[{\"@type\":\"ListItem\",\"position\":1,\"name\":\"Portada\",\"item\":\"https:\/\/www.farmaindustria.es\/web\/\"},{\"@type\":\"ListItem\",\"position\":2,\"name\":\"Quejas\"}]},{\"@type\":\"WebSite\",\"@id\":\"https:\/\/www.farmaindustria.es\/web\/#website\",\"url\":\"https:\/\/www.farmaindustria.es\/web\/\",\"name\":\"FarmaIndustria\",\"description\":\"\",\"potentialAction\":[{\"@type\":\"SearchAction\",\"target\":{\"@type\":\"EntryPoint\",\"urlTemplate\":\"https:\/\/www.farmaindustria.es\/web\/?s={search_term_string}\"},\"query-input\":{\"@type\":\"PropertyValueSpecification\",\"valueRequired\":true,\"valueName\":\"search_term_string\"}}],\"inLanguage\":\"es\"}]}<\/script>\n<!-- \/ Yoast SEO plugin. -->","yoast_head_json":{"title":"Quejas - FarmaIndustria","robots":{"index":"index","follow":"follow","max-snippet":"max-snippet:-1","max-image-preview":"max-image-preview:large","max-video-preview":"max-video-preview:-1"},"canonical":"https:\/\/www.farmaindustria.es\/web\/quejas\/","og_locale":"es_ES","og_type":"article","og_title":"Quejas - FarmaIndustria","og_description":"* Los campos marcados con aster\u00edsco son obligatorios Todos sus datos ser\u00e1n tratados conforme a la Ley Org\u00e1nica 15\/1999, de 13 de diciembre, de Protecci\u00f3n de Datos de Car\u00e1cter Personal.","og_url":"https:\/\/www.farmaindustria.es\/web\/quejas\/","og_site_name":"FarmaIndustria","article_publisher":"https:\/\/www.facebook.com\/pages\/Farmaindustria\/730634013647836?ref=hl","article_modified_time":"2017-11-21T09:20:59+00:00","og_image":[{"width":200,"height":200,"url":"https:\/\/www.farmaindustria.es\/web\/wp-content\/uploads\/sites\/2\/2014\/03\/logo-farmaindustria.png","type":"image\/png"}],"twitter_card":"summary_large_image","twitter_site":"@FarmaIndustria","schema":{"@context":"https:\/\/schema.org","@graph":[{"@type":"WebPage","@id":"https:\/\/www.farmaindustria.es\/web\/quejas\/","url":"https:\/\/www.farmaindustria.es\/web\/quejas\/","name":"Quejas - FarmaIndustria","isPartOf":{"@id":"https:\/\/www.farmaindustria.es\/web\/#website"},"datePublished":"2014-12-18T15:49:35+00:00","dateModified":"2017-11-21T09:20:59+00:00","breadcrumb":{"@id":"https:\/\/www.farmaindustria.es\/web\/quejas\/#breadcrumb"},"inLanguage":"es","potentialAction":[{"@type":"ReadAction","target":["https:\/\/www.farmaindustria.es\/web\/quejas\/"]}]},{"@type":"BreadcrumbList","@id":"https:\/\/www.farmaindustria.es\/web\/quejas\/#breadcrumb","itemListElement":[{"@type":"ListItem","position":1,"name":"Portada","item":"https:\/\/www.farmaindustria.es\/web\/"},{"@type":"ListItem","position":2,"name":"Quejas"}]},{"@type":"WebSite","@id":"https:\/\/www.farmaindustria.es\/web\/#website","url":"https:\/\/www.farmaindustria.es\/web\/","name":"FarmaIndustria","description":"","potentialAction":[{"@type":"SearchAction","target":{"@type":"EntryPoint","urlTemplate":"https:\/\/www.farmaindustria.es\/web\/?s={search_term_string}"},"query-input":{"@type":"PropertyValueSpecification","valueRequired":true,"valueName":"search_term_string"}}],"inLanguage":"es"}]}},"_links":{"self":[{"href":"https:\/\/www.farmaindustria.es\/web\/wp-json\/wp\/v2\/pages\/3983","targetHints":{"allow":["GET"]}}],"collection":[{"href":"https:\/\/www.farmaindustria.es\/web\/wp-json\/wp\/v2\/pages"}],"about":[{"href":"https:\/\/www.farmaindustria.es\/web\/wp-json\/wp\/v2\/types\/page"}],"author":[{"embeddable":true,"href":"https:\/\/www.farmaindustria.es\/web\/wp-json\/wp\/v2\/users\/1"}],"replies":[{"embeddable":true,"href":"https:\/\/www.farmaindustria.es\/web\/wp-json\/wp\/v2\/comments?post=3983"}],"version-history":[{"count":3,"href":"https:\/\/www.farmaindustria.es\/web\/wp-json\/wp\/v2\/pages\/3983\/revisions"}],"predecessor-version":[{"id":3992,"href":"https:\/\/www.farmaindustria.es\/web\/wp-json\/wp\/v2\/pages\/3983\/revisions\/3992"}],"wp:attachment":[{"href":"https:\/\/www.farmaindustria.es\/web\/wp-json\/wp\/v2\/media?parent=3983"}],"curies":[{"name":"wp","href":"https:\/\/api.w.org\/{rel}","templated":true}]}}