{"id":6585,"date":"2017-12-05T10:13:03","date_gmt":"2017-12-05T09:13:03","guid":{"rendered":"https:\/\/www.farmaindustria.es\/web\/?page_id=6585"},"modified":"2017-12-05T10:37:56","modified_gmt":"2017-12-05T09:37:56","slug":"conocenos","status":"publish","type":"page","link":"https:\/\/www.farmaindustria.es\/web\/conocenos\/","title":{"rendered":"Con\u00f3cenos"},"content":{"rendered":"<div class=\"conocenos-quienessomos\">\n<div class=\"row\">\n<div class=\"col-md-5\">\n<p>FARMAINDUSTRIA es la Asociaci\u00f3n Nacional Empresarial de la Industria Farmac\u00e9utica establecida en Espa\u00f1a.<\/p>\n<p>Agrupa a una gran mayor\u00eda de Laboratorios Farmac\u00e9uticos, que representan la pr\u00e1ctica totalidad de las ventas de medicamentos de prescripci\u00f3n en Espa\u00f1a.<\/p>\n<p><a class=\"btn-more\" href=\"..\/quienes-somos\/\">ver m\u00e1s<\/a><\/p>\n<\/div>\n<div class=\"col-md-7\"><img loading=\"lazy\" decoding=\"async\" class=\"alignnone size-full wp-image-2221 img-responsive max-responsive full-responsive\" src=\"http:\/\/farmai.develacq.blogestudio.com\/web\/wp-content\/uploads\/sites\/2\/2014\/01\/quien.png\" alt=\"\" width=\"650\" height=\"433\" srcset=\"https:\/\/www.farmaindustria.es\/web\/wp-content\/uploads\/sites\/2\/2014\/01\/quien.png 650w, https:\/\/www.farmaindustria.es\/web\/wp-content\/uploads\/sites\/2\/2014\/01\/quien-300x199.png 300w, https:\/\/www.farmaindustria.es\/web\/wp-content\/uploads\/sites\/2\/2014\/01\/quien-50x33.png 50w\" sizes=\"auto, (max-width: 650px) 100vw, 650px\" \/><\/div>\n<\/div>\n<\/div>\n<div class=\"conocenos-separador\">&nbsp;<\/div>\n<p><a class=\"btn-more pull-right\" href=\"..\/mision\/\">ver m\u00e1s<\/a><\/p>\n<h2 class=\"page-subtitle3\">Misi\u00f3n<\/h2>\n<p>La misi\u00f3n de Farmaindustria como Asociaci\u00f3n se apoya en cuatro pilares fundamentales:<\/p>\n<div class=\"row row-conocenos-numeros\">\n<div class=\"col-xs-12 col-md-3 text-center\"><span class=\"conocenos-numero\">1<\/span> <strong>Representar a la industria<\/strong><\/div>\n<div class=\"col-xs-12 col-md-3 text-center\"><span class=\"conocenos-numero\">2<\/span> <strong>Colaborar con la Administraci\u00f3n<\/strong><\/div>\n<div class=\"col-xs-12 col-md-3 text-center\"><span class=\"conocenos-numero\">3<\/span> <strong>Mejorar la imagen p\u00fablica<\/strong><\/div>\n<div class=\"col-xs-12 col-md-3 text-center\"><span class=\"conocenos-numero\">4<\/span> <strong>Servicios a los laboratorios<\/strong><\/div>\n<\/div>\n<div class=\"conocenos-separador\">&nbsp;<\/div>\n<p><a class=\"btn-more pull-right\" href=\"..\/areas\/\">ver m\u00e1s<\/a><\/p>\n<h2 class=\"page-subtitle3\">\u00c1reas<\/h2>\n<p>\u00c1reas de trabajo y gesti\u00f3n de Farmaindustria:<\/p>\n<div class=\"row row-conocenos-areas\">\n<div class=\"col-xs-6 col-md-3\"><a class=\"btn btn-block btn-conocenos-area\" href=\"..\/area\/autoregulacion\/\">Autoregulaci\u00f3n<\/a><\/div>\n<div class=\"col-xs-6 col-md-3\"><a class=\"btn btn-block btn-conocenos-area\" href=\"..\/area\/ccaa\/\">CCAA<\/a><\/div>\n<div class=\"col-xs-6 col-md-3\"><a class=\"btn btn-block btn-conocenos-area\" href=\"..\/area\/economica\/\">Econ\u00f3mica<\/a><\/div>\n<div class=\"col-xs-6 col-md-3\"><a class=\"btn btn-block btn-conocenos-area\" href=\"..\/area\/id\/\">I+D<\/a><\/div>\n<div class=\"col-xs-6 col-md-3\"><a class=\"btn btn-block btn-conocenos-area\" href=\"..\/area\/internacional\/\">Internacional<\/a><\/div>\n<div class=\"col-xs-6 col-md-3\"><a class=\"btn btn-block btn-conocenos-area\" href=\"..\/area\/juridica\/\">Jur\u00eddica<\/a><\/div>\n<div class=\"col-xs-6 col-md-3\"><a class=\"btn btn-block btn-conocenos-area\" href=\"..\/area\/pacientes-y-profesionales-sanitarios\/\">Pacientes y Profesionales sanitarios<\/a><\/div>\n<div class=\"col-xs-6 col-md-3\"><a class=\"btn btn-block btn-conocenos-area\" href=\"..\/area\/tecnica\/\">T\u00e9cnica<\/a><\/div>\n<\/div>\n<div class=\"conocenos-separador\">&nbsp;<\/div>\n","protected":false},"excerpt":{"rendered":"<p>FARMAINDUSTRIA es la Asociaci\u00f3n Nacional Empresarial de la Industria Farmac\u00e9utica establecida en Espa\u00f1a. Agrupa a una gran mayor\u00eda de Laboratorios Farmac\u00e9uticos, que representan la pr\u00e1ctica totalidad de las ventas de medicamentos de prescripci\u00f3n en Espa\u00f1a. ver m\u00e1s &nbsp; ver m\u00e1s Misi\u00f3n La misi\u00f3n de Farmaindustria como Asociaci\u00f3n se apoya en cuatro pilares fundamentales: 1 Representar  <a href=\"https:\/\/www.farmaindustria.es\/web\/conocenos\/\" class=\"read-more\">&hellip;<\/a><\/p>\n","protected":false},"author":1,"featured_media":0,"parent":0,"menu_order":15,"comment_status":"closed","ping_status":"closed","template":"page-nosidebar.php","meta":{"_acf_changed":false,"footnotes":""},"class_list":["post-6585","page","type-page","status-publish","hentry"],"acf":[],"yoast_head":"<!-- This site is optimized with the Yoast SEO plugin v27.4 - https:\/\/yoast.com\/product\/yoast-seo-wordpress\/ -->\n<title>Con\u00f3cenos - FarmaIndustria<\/title>\n<meta name=\"robots\" content=\"index, follow, max-snippet:-1, max-image-preview:large, max-video-preview:-1\" \/>\n<link rel=\"canonical\" href=\"https:\/\/www.farmaindustria.es\/web\/conocenos\/\" \/>\n<meta property=\"og:locale\" content=\"es_ES\" \/>\n<meta property=\"og:type\" content=\"article\" \/>\n<meta property=\"og:title\" content=\"Con\u00f3cenos - FarmaIndustria\" \/>\n<meta property=\"og:description\" content=\"FARMAINDUSTRIA es la Asociaci\u00f3n Nacional Empresarial de la Industria Farmac\u00e9utica establecida en Espa\u00f1a. Agrupa a una gran mayor\u00eda de Laboratorios Farmac\u00e9uticos, que representan la pr\u00e1ctica totalidad de las ventas de medicamentos de prescripci\u00f3n en Espa\u00f1a. ver m\u00e1s &nbsp; ver m\u00e1s Misi\u00f3n La misi\u00f3n de Farmaindustria como Asociaci\u00f3n se apoya en cuatro pilares fundamentales: 1 Representar &hellip;\" \/>\n<meta property=\"og:url\" content=\"https:\/\/www.farmaindustria.es\/web\/conocenos\/\" \/>\n<meta property=\"og:site_name\" content=\"FarmaIndustria\" \/>\n<meta property=\"article:publisher\" content=\"https:\/\/www.facebook.com\/pages\/Farmaindustria\/730634013647836?ref=hl\" \/>\n<meta property=\"article:modified_time\" content=\"2017-12-05T09:37:56+00:00\" \/>\n<meta property=\"og:image\" content=\"http:\/\/farmai.develacq.blogestudio.com\/web\/wp-content\/uploads\/sites\/2\/2014\/01\/quien.png\" \/>\n<meta name=\"twitter:card\" content=\"summary_large_image\" \/>\n<meta name=\"twitter:site\" content=\"@FarmaIndustria\" \/>\n<meta name=\"twitter:label1\" content=\"Tiempo de lectura\" \/>\n\t<meta name=\"twitter:data1\" content=\"1 minuto\" \/>\n<script type=\"application\/ld+json\" class=\"yoast-schema-graph\">{\"@context\":\"https:\\\/\\\/schema.org\",\"@graph\":[{\"@type\":\"WebPage\",\"@id\":\"https:\\\/\\\/www.farmaindustria.es\\\/web\\\/conocenos\\\/\",\"url\":\"https:\\\/\\\/www.farmaindustria.es\\\/web\\\/conocenos\\\/\",\"name\":\"Con\u00f3cenos - FarmaIndustria\",\"isPartOf\":{\"@id\":\"https:\\\/\\\/www.farmaindustria.es\\\/web\\\/#website\"},\"primaryImageOfPage\":{\"@id\":\"https:\\\/\\\/www.farmaindustria.es\\\/web\\\/conocenos\\\/#primaryimage\"},\"image\":{\"@id\":\"https:\\\/\\\/www.farmaindustria.es\\\/web\\\/conocenos\\\/#primaryimage\"},\"thumbnailUrl\":\"http:\\\/\\\/farmai.develacq.blogestudio.com\\\/web\\\/wp-content\\\/uploads\\\/sites\\\/2\\\/2014\\\/01\\\/quien.png\",\"datePublished\":\"2017-12-05T09:13:03+00:00\",\"dateModified\":\"2017-12-05T09:37:56+00:00\",\"breadcrumb\":{\"@id\":\"https:\\\/\\\/www.farmaindustria.es\\\/web\\\/conocenos\\\/#breadcrumb\"},\"inLanguage\":\"es\",\"potentialAction\":[{\"@type\":\"ReadAction\",\"target\":[\"https:\\\/\\\/www.farmaindustria.es\\\/web\\\/conocenos\\\/\"]}]},{\"@type\":\"ImageObject\",\"inLanguage\":\"es\",\"@id\":\"https:\\\/\\\/www.farmaindustria.es\\\/web\\\/conocenos\\\/#primaryimage\",\"url\":\"http:\\\/\\\/farmai.develacq.blogestudio.com\\\/web\\\/wp-content\\\/uploads\\\/sites\\\/2\\\/2014\\\/01\\\/quien.png\",\"contentUrl\":\"http:\\\/\\\/farmai.develacq.blogestudio.com\\\/web\\\/wp-content\\\/uploads\\\/sites\\\/2\\\/2014\\\/01\\\/quien.png\"},{\"@type\":\"BreadcrumbList\",\"@id\":\"https:\\\/\\\/www.farmaindustria.es\\\/web\\\/conocenos\\\/#breadcrumb\",\"itemListElement\":[{\"@type\":\"ListItem\",\"position\":1,\"name\":\"Portada\",\"item\":\"https:\\\/\\\/www.farmaindustria.es\\\/web\\\/\"},{\"@type\":\"ListItem\",\"position\":2,\"name\":\"Con\u00f3cenos\"}]},{\"@type\":\"WebSite\",\"@id\":\"https:\\\/\\\/www.farmaindustria.es\\\/web\\\/#website\",\"url\":\"https:\\\/\\\/www.farmaindustria.es\\\/web\\\/\",\"name\":\"FarmaIndustria\",\"description\":\"\",\"potentialAction\":[{\"@type\":\"SearchAction\",\"target\":{\"@type\":\"EntryPoint\",\"urlTemplate\":\"https:\\\/\\\/www.farmaindustria.es\\\/web\\\/?s={search_term_string}\"},\"query-input\":{\"@type\":\"PropertyValueSpecification\",\"valueRequired\":true,\"valueName\":\"search_term_string\"}}],\"inLanguage\":\"es\"}]}<\/script>\n<!-- \/ Yoast SEO plugin. -->","yoast_head_json":{"title":"Con\u00f3cenos - FarmaIndustria","robots":{"index":"index","follow":"follow","max-snippet":"max-snippet:-1","max-image-preview":"max-image-preview:large","max-video-preview":"max-video-preview:-1"},"canonical":"https:\/\/www.farmaindustria.es\/web\/conocenos\/","og_locale":"es_ES","og_type":"article","og_title":"Con\u00f3cenos - FarmaIndustria","og_description":"FARMAINDUSTRIA es la Asociaci\u00f3n Nacional Empresarial de la Industria Farmac\u00e9utica establecida en Espa\u00f1a. Agrupa a una gran mayor\u00eda de Laboratorios Farmac\u00e9uticos, que representan la pr\u00e1ctica totalidad de las ventas de medicamentos de prescripci\u00f3n en Espa\u00f1a. ver m\u00e1s &nbsp; ver m\u00e1s Misi\u00f3n La misi\u00f3n de Farmaindustria como Asociaci\u00f3n se apoya en cuatro pilares fundamentales: 1 Representar &hellip;","og_url":"https:\/\/www.farmaindustria.es\/web\/conocenos\/","og_site_name":"FarmaIndustria","article_publisher":"https:\/\/www.facebook.com\/pages\/Farmaindustria\/730634013647836?ref=hl","article_modified_time":"2017-12-05T09:37:56+00:00","og_image":[{"url":"http:\/\/farmai.develacq.blogestudio.com\/web\/wp-content\/uploads\/sites\/2\/2014\/01\/quien.png","type":"","width":"","height":""}],"twitter_card":"summary_large_image","twitter_site":"@FarmaIndustria","twitter_misc":{"Tiempo de lectura":"1 minuto"},"schema":{"@context":"https:\/\/schema.org","@graph":[{"@type":"WebPage","@id":"https:\/\/www.farmaindustria.es\/web\/conocenos\/","url":"https:\/\/www.farmaindustria.es\/web\/conocenos\/","name":"Con\u00f3cenos - FarmaIndustria","isPartOf":{"@id":"https:\/\/www.farmaindustria.es\/web\/#website"},"primaryImageOfPage":{"@id":"https:\/\/www.farmaindustria.es\/web\/conocenos\/#primaryimage"},"image":{"@id":"https:\/\/www.farmaindustria.es\/web\/conocenos\/#primaryimage"},"thumbnailUrl":"http:\/\/farmai.develacq.blogestudio.com\/web\/wp-content\/uploads\/sites\/2\/2014\/01\/quien.png","datePublished":"2017-12-05T09:13:03+00:00","dateModified":"2017-12-05T09:37:56+00:00","breadcrumb":{"@id":"https:\/\/www.farmaindustria.es\/web\/conocenos\/#breadcrumb"},"inLanguage":"es","potentialAction":[{"@type":"ReadAction","target":["https:\/\/www.farmaindustria.es\/web\/conocenos\/"]}]},{"@type":"ImageObject","inLanguage":"es","@id":"https:\/\/www.farmaindustria.es\/web\/conocenos\/#primaryimage","url":"http:\/\/farmai.develacq.blogestudio.com\/web\/wp-content\/uploads\/sites\/2\/2014\/01\/quien.png","contentUrl":"http:\/\/farmai.develacq.blogestudio.com\/web\/wp-content\/uploads\/sites\/2\/2014\/01\/quien.png"},{"@type":"BreadcrumbList","@id":"https:\/\/www.farmaindustria.es\/web\/conocenos\/#breadcrumb","itemListElement":[{"@type":"ListItem","position":1,"name":"Portada","item":"https:\/\/www.farmaindustria.es\/web\/"},{"@type":"ListItem","position":2,"name":"Con\u00f3cenos"}]},{"@type":"WebSite","@id":"https:\/\/www.farmaindustria.es\/web\/#website","url":"https:\/\/www.farmaindustria.es\/web\/","name":"FarmaIndustria","description":"","potentialAction":[{"@type":"SearchAction","target":{"@type":"EntryPoint","urlTemplate":"https:\/\/www.farmaindustria.es\/web\/?s={search_term_string}"},"query-input":{"@type":"PropertyValueSpecification","valueRequired":true,"valueName":"search_term_string"}}],"inLanguage":"es"}]}},"_links":{"self":[{"href":"https:\/\/www.farmaindustria.es\/web\/wp-json\/wp\/v2\/pages\/6585","targetHints":{"allow":["GET"]}}],"collection":[{"href":"https:\/\/www.farmaindustria.es\/web\/wp-json\/wp\/v2\/pages"}],"about":[{"href":"https:\/\/www.farmaindustria.es\/web\/wp-json\/wp\/v2\/types\/page"}],"author":[{"embeddable":true,"href":"https:\/\/www.farmaindustria.es\/web\/wp-json\/wp\/v2\/users\/1"}],"replies":[{"embeddable":true,"href":"https:\/\/www.farmaindustria.es\/web\/wp-json\/wp\/v2\/comments?post=6585"}],"version-history":[{"count":1,"href":"https:\/\/www.farmaindustria.es\/web\/wp-json\/wp\/v2\/pages\/6585\/revisions"}],"predecessor-version":[{"id":6588,"href":"https:\/\/www.farmaindustria.es\/web\/wp-json\/wp\/v2\/pages\/6585\/revisions\/6588"}],"wp:attachment":[{"href":"https:\/\/www.farmaindustria.es\/web\/wp-json\/wp\/v2\/media?parent=6585"}],"curies":[{"name":"wp","href":"https:\/\/api.w.org\/{rel}","templated":true}]}}